{"id":589,"date":"2025-12-26T00:05:17","date_gmt":"2025-12-26T00:05:17","guid":{"rendered":"https:\/\/www.revitalita.es\/?page_id=589"},"modified":"2026-04-15T16:55:14","modified_gmt":"2026-04-15T14:55:14","slug":"la-fundadora","status":"publish","type":"page","link":"https:\/\/revitalita.es\/?page_id=589","title":{"rendered":"Conoce a Renata"},"content":{"rendered":"\n<h2 class=\"wp-block-heading\"><strong>Alma y t\u00e9cnica<\/strong><\/h2>\n\n\n\n<p><em>\u00abLa fusi\u00f3n entre la est\u00e9tica cient\u00edfica y el arte manual.\u00bb<\/em><\/p>\n\n\n\n<p>Soy Renata, socia fundadora, directora t\u00e9cnica y terapeuta principal del centro. Cuento con <strong>m\u00e1s de 10 a\u00f1os de experiencia<\/strong> en terapias manuales y un recorrido que define mi metodolog\u00eda. Mi vida ha transcurrido entre <strong>Brasil, Portugal y Espa\u00f1a<\/strong>. He vivido y desarrollado mi profesi\u00f3n en entornos radicalmente distintos: desde el ritmo exigente de las grandes ciudades hasta la esencia pura de peque\u00f1as villas rurales; por lo que he perfeccionado mi t\u00e9cnica en escenarios diversos, adapt\u00e1ndola y absorviendo lo mejor de cada lugar.<\/p>\n\n\n\n<p>Mi pasi\u00f3n por la estructura humana me llev\u00f3 a especializarme en <strong>Osteopat\u00eda<\/strong>. Comprend\u00ed que todo est\u00e1 conectado por un sistema neurosensorial muy complejo, donde cada uno de nosotros somos un mundo; y que la piel no se puede tratar aislada del m\u00fasculo, ni el cuerpo aislado de la mente. As\u00ed que, <strong>ReVitalit\u00e0<\/strong> no es solo un centro de masajes y est\u00e9tica; es la materializaci\u00f3n de un proyecto empresarial y personal dise\u00f1ado por manos expertas y visi\u00f3n hol\u00edstica.<\/p>\n\n\n\n<p style=\"font-size:16px\"><strong>Por qu\u00e9 ReVitalit\u00e0 es diferente<\/strong><\/p>\n\n\n\n<p>Naci\u00f3 con la idea de unir dos sectores polarizados: centros muy t\u00e9cnicos pero fr\u00edos, o spas muy relajantes pero con pocos resultados. Aqu\u00ed encontrar\u00e1s <strong>innovaci\u00f3n y calidez humana<\/strong>. Mi m\u00e9todo fusiona la <strong>bio-est\u00e9tica funcional<\/strong> con la <strong>visi\u00f3n estructural manual<\/strong>. Est\u00e9tica y bienestar integral y honesto, sin promesas milagrosas, pero con la garant\u00eda del conocimiento t\u00e9cnico y la experiencia profesional.<\/p>\n\n\n\n<p>El proyecto cuenta con el respaldo de socios y gesti\u00f3n que garantizan la excelencia operativa, mientras que soy <strong>yo misma quien te atiende en cabina.<\/strong> Al no delegar los tratamientos, te ofrezco algo que hace mucho que se ha perdido: la personalizaci\u00f3n real. Creo que el verdadero lujo en la \u00abNueva Era\u00bb es la continuidad. No vienes a un centro, vienes a mi espacio, donde <strong>eres<\/strong> mi \u00fanica prioridad.<\/p>\n\n\n\n<p>\u00a1Bienvenido!<\/p>\n\n\n\n<div class=\"wp-block-columns is-layout-flex wp-container-core-columns-is-layout-9d6595d7 wp-block-columns-is-layout-flex\">\n<div class=\"wp-block-column is-layout-flow wp-block-column-is-layout-flow\"><\/div>\n\n\n\n<div class=\"wp-block-column is-layout-flow wp-block-column-is-layout-flow\"><\/div>\n<\/div>\n\n\n\n<p>\ud83d\udcf2 <strong><a href=\"https:\/\/wa.me\/34655081131?text=Hola,%20he%20visto%20la%20web%20y%20me%20gustar\u00eda%20reservar%20una%20cita\">Reserva tu cita<\/a><\/strong><\/p>\n\n\n\n<div class=\"wp-block-columns is-layout-flex wp-container-core-columns-is-layout-9d6595d7 wp-block-columns-is-layout-flex\">\n<div class=\"wp-block-column is-layout-flow wp-block-column-is-layout-flow\"><\/div>\n<\/div>\n\n\n\n<div class=\"wp-block-columns is-layout-flex wp-container-core-columns-is-layout-9d6595d7 wp-block-columns-is-layout-flex\">\n<div class=\"wp-block-column is-layout-flow wp-block-column-is-layout-flow\"><\/div>\n<\/div>\n\n\n\n<p><a href=\"https:\/\/revitalita.es\/?page_id=634\"><strong>EL ESPACIO<\/strong><\/a><\/p>\n\n\n\n<p><a href=\"https:\/\/revitalita.es\/?page_id=558\"><strong>FILOSOF\u00cdA<\/strong><\/a><\/p>\n\n\n\n<p><\/p>\n","protected":false},"excerpt":{"rendered":"<p>Alma y t\u00e9cnica \u00abLa fusi\u00f3n entre la est\u00e9tica cient\u00edfica y el arte manual.\u00bb Soy Renata, socia fundadora, directora t\u00e9cnica y terapeuta principal del centro. Cuento con m\u00e1s de 10 a\u00f1os de experiencia en terapias manuales y un recorrido que define mi metodolog\u00eda. Mi vida ha transcurrido entre Brasil, Portugal y Espa\u00f1a. He vivido y desarrollado mi profesi\u00f3n en entornos radicalmente distintos: desde el ritmo exigente de las grandes ciudades hasta la esencia pura de peque\u00f1as villas rurales; por lo que &hellip; <\/p>\n","protected":false},"author":1,"featured_media":1340,"parent":0,"menu_order":0,"comment_status":"closed","ping_status":"closed","template":"","meta":{"footnotes":""},"class_list":["post-589","page","type-page","status-publish","has-post-thumbnail","hentry"],"yoast_head":"<!-- This site is optimized with the Yoast SEO plugin v27.4 - https:\/\/yoast.com\/product\/yoast-seo-wordpress\/ -->\n<title>Conoce a Renata -<\/title>\n<meta name=\"robots\" content=\"index, follow, max-snippet:-1, max-image-preview:large, max-video-preview:-1\" \/>\n<link rel=\"canonical\" href=\"https:\/\/revitalita.es\/?page_id=589\" \/>\n<meta property=\"og:locale\" content=\"es_ES\" \/>\n<meta property=\"og:type\" content=\"article\" \/>\n<meta property=\"og:title\" content=\"Conoce a Renata -\" \/>\n<meta property=\"og:description\" content=\"Alma y t\u00e9cnica \u00abLa fusi\u00f3n entre la est\u00e9tica cient\u00edfica y el arte manual.\u00bb Soy Renata, socia fundadora, directora t\u00e9cnica y terapeuta principal del centro. Cuento con m\u00e1s de 10 a\u00f1os de experiencia en terapias manuales y un recorrido que define mi metodolog\u00eda. Mi vida ha transcurrido entre Brasil, Portugal y Espa\u00f1a. He vivido y desarrollado mi profesi\u00f3n en entornos radicalmente distintos: desde el ritmo exigente de las grandes ciudades hasta la esencia pura de peque\u00f1as villas rurales; por lo que &hellip;\" \/>\n<meta property=\"og:url\" content=\"https:\/\/revitalita.es\/?page_id=589\" \/>\n<meta property=\"article:modified_time\" content=\"2026-04-15T14:55:14+00:00\" \/>\n<meta property=\"og:image\" content=\"https:\/\/revitalita.es\/wp-content\/uploads\/2026\/01\/2026-01-30-17-19-15-783.jpg\" \/>\n\t<meta property=\"og:image:width\" content=\"984\" \/>\n\t<meta property=\"og:image:height\" content=\"592\" \/>\n\t<meta property=\"og:image:type\" content=\"image\/jpeg\" \/>\n<meta name=\"twitter:card\" content=\"summary_large_image\" \/>\n<meta name=\"twitter:label1\" content=\"Tiempo de lectura\" \/>\n\t<meta name=\"twitter:data1\" content=\"1 minuto\" \/>\n<script type=\"application\/ld+json\" class=\"yoast-schema-graph\">{\"@context\":\"https:\\\/\\\/schema.org\",\"@graph\":[{\"@type\":\"WebPage\",\"@id\":\"https:\\\/\\\/revitalita.es\\\/?page_id=589\",\"url\":\"https:\\\/\\\/revitalita.es\\\/?page_id=589\",\"name\":\"Conoce a Renata -\",\"isPartOf\":{\"@id\":\"https:\\\/\\\/revitalita.es\\\/#website\"},\"primaryImageOfPage\":{\"@id\":\"https:\\\/\\\/revitalita.es\\\/?page_id=589#primaryimage\"},\"image\":{\"@id\":\"https:\\\/\\\/revitalita.es\\\/?page_id=589#primaryimage\"},\"thumbnailUrl\":\"https:\\\/\\\/revitalita.es\\\/wp-content\\\/uploads\\\/2026\\\/01\\\/2026-01-30-17-19-15-783.jpg\",\"datePublished\":\"2025-12-26T00:05:17+00:00\",\"dateModified\":\"2026-04-15T14:55:14+00:00\",\"breadcrumb\":{\"@id\":\"https:\\\/\\\/revitalita.es\\\/?page_id=589#breadcrumb\"},\"inLanguage\":\"es\",\"potentialAction\":[{\"@type\":\"ReadAction\",\"target\":[\"https:\\\/\\\/revitalita.es\\\/?page_id=589\"]}]},{\"@type\":\"ImageObject\",\"inLanguage\":\"es\",\"@id\":\"https:\\\/\\\/revitalita.es\\\/?page_id=589#primaryimage\",\"url\":\"https:\\\/\\\/revitalita.es\\\/wp-content\\\/uploads\\\/2026\\\/01\\\/2026-01-30-17-19-15-783.jpg\",\"contentUrl\":\"https:\\\/\\\/revitalita.es\\\/wp-content\\\/uploads\\\/2026\\\/01\\\/2026-01-30-17-19-15-783.jpg\",\"width\":984,\"height\":592},{\"@type\":\"BreadcrumbList\",\"@id\":\"https:\\\/\\\/revitalita.es\\\/?page_id=589#breadcrumb\",\"itemListElement\":[{\"@type\":\"ListItem\",\"position\":1,\"name\":\"Portada\",\"item\":\"https:\\\/\\\/revitalita.es\\\/\"},{\"@type\":\"ListItem\",\"position\":2,\"name\":\"Conoce a Renata\"}]},{\"@type\":\"WebSite\",\"@id\":\"https:\\\/\\\/revitalita.es\\\/#website\",\"url\":\"https:\\\/\\\/revitalita.es\\\/\",\"name\":\"\",\"description\":\"\",\"potentialAction\":[{\"@type\":\"SearchAction\",\"target\":{\"@type\":\"EntryPoint\",\"urlTemplate\":\"https:\\\/\\\/revitalita.es\\\/?s={search_term_string}\"},\"query-input\":{\"@type\":\"PropertyValueSpecification\",\"valueRequired\":true,\"valueName\":\"search_term_string\"}}],\"inLanguage\":\"es\"}]}<\/script>\n<!-- \/ Yoast SEO plugin. -->","yoast_head_json":{"title":"Conoce a Renata -","robots":{"index":"index","follow":"follow","max-snippet":"max-snippet:-1","max-image-preview":"max-image-preview:large","max-video-preview":"max-video-preview:-1"},"canonical":"https:\/\/revitalita.es\/?page_id=589","og_locale":"es_ES","og_type":"article","og_title":"Conoce a Renata -","og_description":"Alma y t\u00e9cnica \u00abLa fusi\u00f3n entre la est\u00e9tica cient\u00edfica y el arte manual.\u00bb Soy Renata, socia fundadora, directora t\u00e9cnica y terapeuta principal del centro. Cuento con m\u00e1s de 10 a\u00f1os de experiencia en terapias manuales y un recorrido que define mi metodolog\u00eda. Mi vida ha transcurrido entre Brasil, Portugal y Espa\u00f1a. He vivido y desarrollado mi profesi\u00f3n en entornos radicalmente distintos: desde el ritmo exigente de las grandes ciudades hasta la esencia pura de peque\u00f1as villas rurales; por lo que &hellip;","og_url":"https:\/\/revitalita.es\/?page_id=589","article_modified_time":"2026-04-15T14:55:14+00:00","og_image":[{"width":984,"height":592,"url":"https:\/\/revitalita.es\/wp-content\/uploads\/2026\/01\/2026-01-30-17-19-15-783.jpg","type":"image\/jpeg"}],"twitter_card":"summary_large_image","twitter_misc":{"Tiempo de lectura":"1 minuto"},"schema":{"@context":"https:\/\/schema.org","@graph":[{"@type":"WebPage","@id":"https:\/\/revitalita.es\/?page_id=589","url":"https:\/\/revitalita.es\/?page_id=589","name":"Conoce a Renata -","isPartOf":{"@id":"https:\/\/revitalita.es\/#website"},"primaryImageOfPage":{"@id":"https:\/\/revitalita.es\/?page_id=589#primaryimage"},"image":{"@id":"https:\/\/revitalita.es\/?page_id=589#primaryimage"},"thumbnailUrl":"https:\/\/revitalita.es\/wp-content\/uploads\/2026\/01\/2026-01-30-17-19-15-783.jpg","datePublished":"2025-12-26T00:05:17+00:00","dateModified":"2026-04-15T14:55:14+00:00","breadcrumb":{"@id":"https:\/\/revitalita.es\/?page_id=589#breadcrumb"},"inLanguage":"es","potentialAction":[{"@type":"ReadAction","target":["https:\/\/revitalita.es\/?page_id=589"]}]},{"@type":"ImageObject","inLanguage":"es","@id":"https:\/\/revitalita.es\/?page_id=589#primaryimage","url":"https:\/\/revitalita.es\/wp-content\/uploads\/2026\/01\/2026-01-30-17-19-15-783.jpg","contentUrl":"https:\/\/revitalita.es\/wp-content\/uploads\/2026\/01\/2026-01-30-17-19-15-783.jpg","width":984,"height":592},{"@type":"BreadcrumbList","@id":"https:\/\/revitalita.es\/?page_id=589#breadcrumb","itemListElement":[{"@type":"ListItem","position":1,"name":"Portada","item":"https:\/\/revitalita.es\/"},{"@type":"ListItem","position":2,"name":"Conoce a Renata"}]},{"@type":"WebSite","@id":"https:\/\/revitalita.es\/#website","url":"https:\/\/revitalita.es\/","name":"","description":"","potentialAction":[{"@type":"SearchAction","target":{"@type":"EntryPoint","urlTemplate":"https:\/\/revitalita.es\/?s={search_term_string}"},"query-input":{"@type":"PropertyValueSpecification","valueRequired":true,"valueName":"search_term_string"}}],"inLanguage":"es"}]}},"_links":{"self":[{"href":"https:\/\/revitalita.es\/index.php?rest_route=\/wp\/v2\/pages\/589","targetHints":{"allow":["GET"]}}],"collection":[{"href":"https:\/\/revitalita.es\/index.php?rest_route=\/wp\/v2\/pages"}],"about":[{"href":"https:\/\/revitalita.es\/index.php?rest_route=\/wp\/v2\/types\/page"}],"author":[{"embeddable":true,"href":"https:\/\/revitalita.es\/index.php?rest_route=\/wp\/v2\/users\/1"}],"replies":[{"embeddable":true,"href":"https:\/\/revitalita.es\/index.php?rest_route=%2Fwp%2Fv2%2Fcomments&post=589"}],"version-history":[{"count":49,"href":"https:\/\/revitalita.es\/index.php?rest_route=\/wp\/v2\/pages\/589\/revisions"}],"predecessor-version":[{"id":1471,"href":"https:\/\/revitalita.es\/index.php?rest_route=\/wp\/v2\/pages\/589\/revisions\/1471"}],"wp:featuredmedia":[{"embeddable":true,"href":"https:\/\/revitalita.es\/index.php?rest_route=\/wp\/v2\/media\/1340"}],"wp:attachment":[{"href":"https:\/\/revitalita.es\/index.php?rest_route=%2Fwp%2Fv2%2Fmedia&parent=589"}],"curies":[{"name":"wp","href":"https:\/\/api.w.org\/{rel}","templated":true}]}}