{"id":388,"date":"2025-12-25T13:38:18","date_gmt":"2025-12-25T13:38:18","guid":{"rendered":"https:\/\/www.revitalita.es\/?page_id=388"},"modified":"2026-04-15T16:56:23","modified_gmt":"2026-04-15T14:56:23","slug":"corporales","status":"publish","type":"page","link":"https:\/\/revitalita.es\/?page_id=388","title":{"rendered":"Bio-Est\u00e9tica Corporal"},"content":{"rendered":"\n<h3 class=\"wp-block-heading\">Arquitectura de la silueta<\/h3>\n\n\n\n<div class=\"wp-block-group\"><div class=\"wp-block-group__inner-container is-layout-constrained wp-block-group-is-layout-constrained\">\n<p><strong>Remodelaci\u00f3n manual y fitocosm\u00e9tica de alta gama para una figura definida<\/strong><\/p>\n\n\n\n<p><\/p>\n<\/div><\/div>\n\n\n\n<div class=\"wp-block-group\"><div class=\"wp-block-group__inner-container is-layout-constrained wp-block-group-is-layout-constrained\">\n<p>La eficiencia real no necesita m\u00e1quinas, sino precisi\u00f3n. Fusionamos t\u00e9cnicas de <strong>remodelaci\u00f3n manual<\/strong> con la avanzada biotecnolog\u00eda vegetal italiana de <strong><a href=\"https:\/\/www.vagheggi.es\/tienda\/?s=06790311\" type=\"link\" id=\"https:\/\/www.vagheggi.es\/tienda\/?s=06790311\">VAGHEGGI<\/a><\/strong>. Una combinaci\u00f3n potente que despierta el metabolismo de tu piel, drena toxinas y esculpe formas, respetando siempre el equilibrio de tu cuerpo.<\/p>\n<\/div><\/div>\n\n\n\n<p><\/p>\n\n\n\n<p>Adem\u00e1s, sabemos que remodelar la silueta requiere constancia, no milagros y entendemos que el \u00e9xito de tu tratamiento es una sinergia del ritual en cabina con la rutina en casa.<\/p>\n\n\n\n<p>Nuestra Metodolog\u00eda: EL PACTO 30\/70<\/p>\n\n\n\n<p>El <strong>30% profesional<\/strong> (nuestra responsabilidad): En cabina utilizamos <strong>t\u00e9cnicas manuales profundas<\/strong> y principios activos t\u00e9rmicos (fr\u00edo\/calor) para romper n\u00f3dulos, drenar toxinas y esculpir formas donde el exercicio por s\u00ed solo no llega.<\/p>\n\n\n\n<p>El <strong>70% diario<\/strong> (tu responsabilidad): El cuerpo tiende a volver a su estado anterior si no se le recuerda la nueva forma. Una rutina saludable de alimentaci\u00f3n y ejercicio f\u00edsico, adem\u00e1s de la aplicaci\u00f3n diaria de los fitocosm\u00e9ticos reductores en casa, mantiene la se\u00f1al metab\u00f3lica activa.<\/p>\n\n\n\n<div class=\"wp-block-columns is-layout-flex wp-container-core-columns-is-layout-9d6595d7 wp-block-columns-is-layout-flex\">\n<div class=\"wp-block-column is-layout-flow wp-block-column-is-layout-flow\"><\/div>\n\n\n\n<div class=\"wp-block-column is-layout-flow wp-block-column-is-layout-flow\"><\/div>\n<\/div>\n\n\n\n<p class=\"has-medium-font-size\"><strong>PLAN BIO-TECH SILHOUETTE <\/strong><\/p>\n\n\n\n<p style=\"font-size:16px\"><strong>Redefine tus curvas en 4 semanas<\/strong><\/p>\n\n\n\n<p>Un sistema progresivo de <strong>4, 8 o 12 sesiones<\/strong> (con una frecuencia de <strong>1, 2 o 3 visitas por semana<\/strong>) dise\u00f1ado para transformar tu figura fase a fase:<\/p>\n\n\n\n<div class=\"wp-block-group\"><div class=\"wp-block-group__inner-container is-layout-constrained wp-block-group-is-layout-constrained\">\n<p><strong>Semana 1: BIO-DETOX SYSTEM<\/strong>\u200b <strong><em>(Prepara y Drena)<\/em><\/strong><\/p>\n<\/div><\/div>\n\n\n\n<div class=\"wp-block-group\"><div class=\"wp-block-group__inner-container is-layout-constrained wp-block-group-is-layout-constrained\">\n<p>Oxigenamos el tejido con exfoliaciones bot\u00e1nicas y envolturas de sudoraci\u00f3n para eliminar l\u00edquidos retenidos.<\/p>\n\n\n\n<p><\/p>\n<\/div><\/div>\n\n\n\n<div class=\"wp-block-group\"><div class=\"wp-block-group__inner-container is-layout-constrained wp-block-group-is-layout-constrained\">\n<p><strong>Semana 2: LIPO-DRENANTE 3D<\/strong> <strong><em>(Ataca)<\/em><\/strong><\/p>\n<\/div><\/div>\n\n\n\n<div class=\"wp-block-group\"><div class=\"wp-block-group__inner-container is-layout-constrained wp-block-group-is-layout-constrained\">\n<p>Combinamos barros activos y boosters concentrados para combatir la celulitis rebelde y alisar la piel de naranja.<\/p>\n\n\n\n<p><\/p>\n<\/div><\/div>\n\n\n\n<div class=\"wp-block-group\"><div class=\"wp-block-group__inner-container is-layout-constrained wp-block-group-is-layout-constrained\">\n<p><strong>Semana 3: THERMO-SHOCK REDUCTOR<\/strong> <strong><em>(Moviliza)<\/em><\/strong><\/p>\n<\/div><\/div>\n\n\n\n<div class=\"wp-block-group\"><div class=\"wp-block-group__inner-container is-layout-constrained wp-block-group-is-layout-constrained\">\n<p>La ciencia del contraste. Utilizamos barros de efecto fr\u00edo\/calor para estimular el metabolismo y atacar la grasa localizada.<\/p>\n\n\n\n<p><\/p>\n<\/div><\/div>\n\n\n\n<div class=\"wp-block-group\"><div class=\"wp-block-group__inner-container is-layout-constrained wp-block-group-is-layout-constrained\">\n<p><strong>Semana 4: BIO-SCULPT LIFTING<\/strong> <strong><em>(Esculpe)<\/em><\/strong><\/p>\n<\/div><\/div>\n\n\n\n<p>El toque maestro. Masaje manual antigravedad y concentrados tensores para redibujar tus formas y reafirmar la piel.<\/p>\n\n\n\n<p><em>Recuerda: Nosotros esculpimos la forma, t\u00fa mantienes la firmeza. Juntos, redefinimos tu silueta.<\/em><\/p>\n\n\n\n<div class=\"wp-block-group\"><div class=\"wp-block-group__inner-container is-layout-constrained wp-block-group-is-layout-constrained\">\n<div class=\"wp-block-group\"><div class=\"wp-block-group__inner-container is-layout-constrained wp-block-group-is-layout-constrained\">\n<div class=\"wp-block-group\"><div class=\"wp-block-group__inner-container is-layout-constrained wp-block-group-is-layout-constrained\">\n<div class=\"wp-block-group\"><div class=\"wp-block-group__inner-container is-layout-constrained wp-block-group-is-layout-constrained\">\n<div class=\"wp-block-group\"><div class=\"wp-block-group__inner-container is-layout-constrained wp-block-group-is-layout-constrained\">\n<div class=\"wp-block-group\"><div class=\"wp-block-group__inner-container is-layout-constrained wp-block-group-is-layout-constrained\">\n<p class=\"has-text-color has-link-color wp-elements-8c1ac2b44ac57951ec22f0ff87ba8fdd\" style=\"color:#00000080;font-size:13px\"><strong>Plan Bio-Tech Silhouette completo (4 semanas):<\/strong><\/p>\n<\/div><\/div>\n<\/div><\/div>\n<\/div><\/div>\n<\/div><\/div>\n<\/div><\/div>\n<\/div><\/div>\n\n\n\n<div class=\"wp-block-group\"><div class=\"wp-block-group__inner-container is-layout-constrained wp-block-group-is-layout-constrained\">\n<div class=\"wp-block-group\"><div class=\"wp-block-group__inner-container is-layout-constrained wp-block-group-is-layout-constrained\">\n<div class=\"wp-block-group\"><div class=\"wp-block-group__inner-container is-layout-constrained wp-block-group-is-layout-constrained\">\n<div class=\"wp-block-group\"><div class=\"wp-block-group__inner-container is-layout-constrained wp-block-group-is-layout-constrained\">\n<div class=\"wp-block-group\"><div class=\"wp-block-group__inner-container is-layout-constrained wp-block-group-is-layout-constrained\">\n<div class=\"wp-block-group\"><div class=\"wp-block-group__inner-container is-layout-constrained wp-block-group-is-layout-constrained\">\n<div class=\"wp-block-group\"><div class=\"wp-block-group__inner-container is-layout-constrained wp-block-group-is-layout-constrained\">\n<p class=\"has-text-color has-link-color wp-elements-28a854e1c4ea1c8e67f5eea0bbedcf77\" style=\"color:#00000080;font-size:11px\">60 min. \/ sesi\u00f3n<\/p>\n<\/div><\/div>\n<\/div><\/div>\n<\/div><\/div>\n<\/div><\/div>\n<\/div><\/div>\n<\/div><\/div>\n<\/div><\/div>\n\n\n\n<div class=\"wp-block-group\"><div class=\"wp-block-group__inner-container is-layout-constrained wp-block-group-is-layout-constrained\">\n<div class=\"wp-block-group\"><div class=\"wp-block-group__inner-container is-layout-constrained wp-block-group-is-layout-constrained\">\n<div class=\"wp-block-group\"><div class=\"wp-block-group__inner-container is-layout-constrained wp-block-group-is-layout-constrained\">\n<div class=\"wp-block-group\"><div class=\"wp-block-group__inner-container is-layout-constrained wp-block-group-is-layout-constrained\">\n<div class=\"wp-block-group\"><div class=\"wp-block-group__inner-container is-layout-constrained wp-block-group-is-layout-constrained\">\n<div class=\"wp-block-group\"><div class=\"wp-block-group__inner-container is-layout-constrained wp-block-group-is-layout-constrained\">\n<div class=\"wp-block-group\"><div class=\"wp-block-group__inner-container is-layout-constrained wp-block-group-is-layout-constrained\">\n<p class=\"has-text-color has-link-color wp-elements-c240c01284a87bd6c08466ac4c158f12\" style=\"color:#00000080;font-size:11px\">\u2022 1x \/ semana: <strong>218 \u20ac<\/strong> (valorado en 285 \u20ac \u2022 1 sesi\u00f3n <strong>gratis<\/strong>)<\/p>\n<\/div><\/div>\n<\/div><\/div>\n<\/div><\/div>\n<\/div><\/div>\n<\/div><\/div>\n<\/div><\/div>\n<\/div><\/div>\n\n\n\n<div class=\"wp-block-group\"><div class=\"wp-block-group__inner-container is-layout-constrained wp-block-group-is-layout-constrained\">\n<div class=\"wp-block-group\"><div class=\"wp-block-group__inner-container is-layout-constrained wp-block-group-is-layout-constrained\">\n<div class=\"wp-block-group\"><div class=\"wp-block-group__inner-container is-layout-constrained wp-block-group-is-layout-constrained\">\n<p class=\"has-text-color has-link-color wp-elements-a282274ae0d9acced4ef0f8a5a493c34\" style=\"color:#00000080;font-size:11px\">\u2022 2x \/ semana: <strong>360 \u20ac<\/strong> (valorado en 570 \u20ac \u2022 3 sesiones <strong>gratis<\/strong>)<\/p>\n<\/div><\/div>\n\n\n\n<p class=\"has-text-color has-link-color wp-elements-1e1b16fc782cd6892a21e4c15ef6d312\" style=\"color:#00000080;font-size:11px\">\u2022 3x \/ semana: <strong>498 \u20ac<\/strong> (valorado en 855 \u20ac \u2022 5 sesiones <strong>gratis<\/strong>)<\/p>\n<\/div><\/div>\n<\/div><\/div>\n\n\n\n<div class=\"wp-block-columns is-layout-flex wp-container-core-columns-is-layout-9d6595d7 wp-block-columns-is-layout-flex\">\n<div class=\"wp-block-column is-layout-flow wp-block-column-is-layout-flow\"><\/div>\n\n\n\n<div class=\"wp-block-column is-layout-flow wp-block-column-is-layout-flow\"><\/div>\n<\/div>\n\n\n\n<p class=\"has-medium-font-size\"><strong>RITUALES A LA CARTA<\/strong><\/p>\n\n\n\n<p style=\"font-size:16px\"><strong>Sesiones individuales o packs para necesidades espec\u00edficas<\/strong><\/p>\n\n\n\n<div class=\"wp-block-group\"><div class=\"wp-block-group__inner-container is-layout-constrained wp-block-group-is-layout-constrained\">\n<p style=\"font-size:16px\"><strong>\u200b\u2022 Bio-Detox System<\/strong><\/p>\n<\/div><\/div>\n\n\n\n<div class=\"wp-block-group\"><div class=\"wp-block-group__inner-container is-layout-constrained wp-block-group-is-layout-constrained\">\n<p><em>(El reinicio profundo)<\/em><\/p>\n<\/div><\/div>\n\n\n\n<div class=\"wp-block-group\"><div class=\"wp-block-group__inner-container is-layout-constrained wp-block-group-is-layout-constrained\">\n<p>M\u00e1s que una exfoliaci\u00f3n, es un sistema de purificaci\u00f3n integral. Combinamos una renovaci\u00f3n profunda (con sales marinas o \u00e1cidos, seg\u00fan tu piel) con una envoltura de sudoraci\u00f3n osm\u00f3tica para liberar toxinas y oxigenar el tejido. Ideal para: Preparar la piel antes del verano, eliminar la retenci\u00f3n de l\u00edquidos inicial y suavizar la textura.<\/p>\n<\/div><\/div>\n\n\n\n<p class=\"has-text-color has-link-color wp-elements-3f8704bcfa4bb2b1f83e27338d63e4f8\" style=\"color:#00000080;font-size:11px\">60 min.:&nbsp;<strong>67 \u20ac<\/strong><\/p>\n\n\n\n<div class=\"wp-block-group\"><div class=\"wp-block-group__inner-container is-layout-constrained wp-block-group-is-layout-constrained\">\n<p style=\"font-size:16px\"><strong>\u200b\u2022 Lipo-Drenante 3D<\/strong><\/p>\n<\/div><\/div>\n\n\n\n<div class=\"wp-block-group\"><div class=\"wp-block-group__inner-container is-layout-constrained wp-block-group-is-layout-constrained\">\n<p><em>(Ataque directo a la celulitis y la retenci\u00f3n)<\/em><\/p>\n<\/div><\/div>\n\n\n\n<div class=\"wp-block-group\"><div class=\"wp-block-group__inner-container is-layout-constrained wp-block-group-is-layout-constrained\">\n<p>Un protocolo dise\u00f1ado para \u00abdesinflar\u00bb y alisar. Utilizamos la potencia de la l\u00ednea <em>Sinecell<\/em> (algas rojas y cafe\u00edna) mediante barros activos y boosters concentrados para combatir los n\u00f3dulos de grasa edematosa y la piel de naranja. El Resultado: Reducci\u00f3n de volumen, piernas m\u00e1s ligeras y relieve cut\u00e1neo visiblemente m\u00e1s liso.<\/p>\n<\/div><\/div>\n\n\n\n<p class=\"has-text-color has-link-color wp-elements-dc5d615cc23b8a3d43a7b087c698d5b8\" style=\"color:#00000080;font-size:11px\">60 min.:&nbsp;<strong>75 \u20ac<\/strong><\/p>\n\n\n\n<div class=\"wp-block-group\"><div class=\"wp-block-group__inner-container is-layout-constrained wp-block-group-is-layout-constrained\">\n<p style=\"font-size:16px\">\u200b<strong>\u2022 Thermo-Shock Reductor<\/strong><\/p>\n<\/div><\/div>\n\n\n\n<div class=\"wp-block-group\"><div class=\"wp-block-group__inner-container is-layout-constrained wp-block-group-is-layout-constrained\">\n<p><em>(La ciencia del contraste para la grasa rebelde)<\/em><\/p>\n<\/div><\/div>\n\n\n\n<div class=\"wp-block-group\"><div class=\"wp-block-group__inner-container is-layout-constrained wp-block-group-is-layout-constrained\">\n<p>Un tratamiento metab\u00f3lico de alto impacto. Aplicamos los barros de la l\u00ednea <em>Fuoco<\/em> con efecto <strong>fr\u00edo\/calor<\/strong> para generar una gimnasia vascular intensa, estimular la quema de grasas (lip\u00f3lisis) y atacar las zonas m\u00e1s dif\u00edciles. Ideal para: Grasa localizada resistente y remodelaci\u00f3n intensiva de la figura.<\/p>\n<\/div><\/div>\n\n\n\n<p class=\"has-text-color has-link-color wp-elements-fd6662597f150da44dd4ae7426dc6d1d\" style=\"color:#00000080;font-size:11px\">60 min.:&nbsp;<strong>70 \u20ac<\/strong><\/p>\n\n\n\n<div class=\"wp-block-group\"><div class=\"wp-block-group__inner-container is-layout-constrained wp-block-group-is-layout-constrained\">\n<p style=\"font-size:16px\">\u200b<strong>\u2022 Bio-Sculpt Lifting<\/strong><\/p>\n<\/div><\/div>\n\n\n\n<div class=\"wp-block-group\"><div class=\"wp-block-group__inner-container is-layout-constrained wp-block-group-is-layout-constrained\">\n<p><em>(Arquitectura corporal con efecto antigravedad)<\/em><\/p>\n<\/div><\/div>\n\n\n\n<div class=\"wp-block-group\"><div class=\"wp-block-group__inner-container is-layout-constrained wp-block-group-is-layout-constrained\">\n<p>La alternativa manual a la aparatolog\u00eda tensora. Un ritual centrado 100% en la firmeza que fusiona un <strong>masaje lifting manual<\/strong> vigoroso con los concentrados <em>Sculpting Drops<\/em> y el gel antigravedad para redensificar la piel. El Resultado: Silueta definida y elevaci\u00f3n de contornos.<\/p>\n<\/div><\/div>\n\n\n\n<p class=\"has-text-color has-link-color wp-elements-67dc1ac780db2cc556beae4832e931bd\" style=\"color:#00000080;font-size:11px\">60 min.:&nbsp;<strong>73 \u20ac<\/strong><\/p>\n\n\n\n<div class=\"wp-block-columns is-layout-flex wp-container-core-columns-is-layout-9d6595d7 wp-block-columns-is-layout-flex\">\n<div class=\"wp-block-column is-layout-flow wp-block-column-is-layout-flow\"><\/div>\n<\/div>\n\n\n\n<p>\ud83d\udcf2 <strong><a href=\"https:\/\/wa.me\/34655081131?text=Hola,%20estoy%20interesada%20en%20los%20tratamientos%20corporales%20Bio-Tech.%20\">Reserva tu cita<\/a><\/strong><\/p>\n\n\n\n<div class=\"wp-block-columns is-layout-flex wp-container-core-columns-is-layout-9d6595d7 wp-block-columns-is-layout-flex\">\n<div class=\"wp-block-column is-layout-flow wp-block-column-is-layout-flow\"><\/div>\n<\/div>\n\n\n\n<p><strong><a href=\"https:\/\/revitalita.es\/?page_id=196\">MASAJE Y BIENESTAR<\/a><\/strong><\/p>\n\n\n\n<p><strong><a href=\"https:\/\/revitalita.es\/?page_id=383\">BIO-EST\u00c9TICA FACIAL<\/a><\/strong><\/p>\n\n\n\n<p><\/p>\n","protected":false},"excerpt":{"rendered":"<p>Arquitectura de la silueta Remodelaci\u00f3n manual y fitocosm\u00e9tica de alta gama para una figura definida La eficiencia real no necesita m\u00e1quinas, sino precisi\u00f3n. Fusionamos t\u00e9cnicas de remodelaci\u00f3n manual con la avanzada biotecnolog\u00eda vegetal italiana de VAGHEGGI. Una combinaci\u00f3n potente que despierta el metabolismo de tu piel, drena toxinas y esculpe formas, respetando siempre el equilibrio de tu cuerpo. Adem\u00e1s, sabemos que remodelar la silueta requiere constancia, no milagros y entendemos que el \u00e9xito de tu tratamiento es una sinergia del &hellip; <\/p>\n","protected":false},"author":1,"featured_media":768,"parent":0,"menu_order":0,"comment_status":"closed","ping_status":"closed","template":"","meta":{"footnotes":""},"class_list":["post-388","page","type-page","status-publish","has-post-thumbnail","hentry"],"yoast_head":"<!-- This site is optimized with the Yoast SEO plugin v27.4 - https:\/\/yoast.com\/product\/yoast-seo-wordpress\/ -->\n<title>Bio-Est\u00e9tica Corporal -<\/title>\n<meta name=\"robots\" content=\"index, follow, max-snippet:-1, max-image-preview:large, max-video-preview:-1\" \/>\n<link rel=\"canonical\" href=\"https:\/\/revitalita.es\/?page_id=388\" \/>\n<meta property=\"og:locale\" content=\"es_ES\" \/>\n<meta property=\"og:type\" content=\"article\" \/>\n<meta property=\"og:title\" content=\"Bio-Est\u00e9tica Corporal -\" \/>\n<meta property=\"og:description\" content=\"Arquitectura de la silueta Remodelaci\u00f3n manual y fitocosm\u00e9tica de alta gama para una figura definida La eficiencia real no necesita m\u00e1quinas, sino precisi\u00f3n. Fusionamos t\u00e9cnicas de remodelaci\u00f3n manual con la avanzada biotecnolog\u00eda vegetal italiana de VAGHEGGI. Una combinaci\u00f3n potente que despierta el metabolismo de tu piel, drena toxinas y esculpe formas, respetando siempre el equilibrio de tu cuerpo. Adem\u00e1s, sabemos que remodelar la silueta requiere constancia, no milagros y entendemos que el \u00e9xito de tu tratamiento es una sinergia del &hellip;\" \/>\n<meta property=\"og:url\" content=\"https:\/\/revitalita.es\/?page_id=388\" \/>\n<meta property=\"article:modified_time\" content=\"2026-04-15T14:56:23+00:00\" \/>\n<meta property=\"og:image\" content=\"https:\/\/revitalita.es\/wp-content\/uploads\/2025\/12\/Screenshot_20251231_012623_Canva.jpg\" \/>\n\t<meta property=\"og:image:width\" content=\"973\" \/>\n\t<meta property=\"og:image:height\" content=\"580\" \/>\n\t<meta property=\"og:image:type\" content=\"image\/jpeg\" \/>\n<meta name=\"twitter:card\" content=\"summary_large_image\" \/>\n<meta name=\"twitter:label1\" content=\"Tiempo de lectura\" \/>\n\t<meta name=\"twitter:data1\" content=\"4 minutos\" \/>\n<script type=\"application\/ld+json\" class=\"yoast-schema-graph\">{\"@context\":\"https:\\\/\\\/schema.org\",\"@graph\":[{\"@type\":\"WebPage\",\"@id\":\"https:\\\/\\\/revitalita.es\\\/?page_id=388\",\"url\":\"https:\\\/\\\/revitalita.es\\\/?page_id=388\",\"name\":\"Bio-Est\u00e9tica Corporal -\",\"isPartOf\":{\"@id\":\"https:\\\/\\\/revitalita.es\\\/#website\"},\"primaryImageOfPage\":{\"@id\":\"https:\\\/\\\/revitalita.es\\\/?page_id=388#primaryimage\"},\"image\":{\"@id\":\"https:\\\/\\\/revitalita.es\\\/?page_id=388#primaryimage\"},\"thumbnailUrl\":\"https:\\\/\\\/revitalita.es\\\/wp-content\\\/uploads\\\/2025\\\/12\\\/Screenshot_20251231_012623_Canva.jpg\",\"datePublished\":\"2025-12-25T13:38:18+00:00\",\"dateModified\":\"2026-04-15T14:56:23+00:00\",\"breadcrumb\":{\"@id\":\"https:\\\/\\\/revitalita.es\\\/?page_id=388#breadcrumb\"},\"inLanguage\":\"es\",\"potentialAction\":[{\"@type\":\"ReadAction\",\"target\":[\"https:\\\/\\\/revitalita.es\\\/?page_id=388\"]}]},{\"@type\":\"ImageObject\",\"inLanguage\":\"es\",\"@id\":\"https:\\\/\\\/revitalita.es\\\/?page_id=388#primaryimage\",\"url\":\"https:\\\/\\\/revitalita.es\\\/wp-content\\\/uploads\\\/2025\\\/12\\\/Screenshot_20251231_012623_Canva.jpg\",\"contentUrl\":\"https:\\\/\\\/revitalita.es\\\/wp-content\\\/uploads\\\/2025\\\/12\\\/Screenshot_20251231_012623_Canva.jpg\",\"width\":973,\"height\":580},{\"@type\":\"BreadcrumbList\",\"@id\":\"https:\\\/\\\/revitalita.es\\\/?page_id=388#breadcrumb\",\"itemListElement\":[{\"@type\":\"ListItem\",\"position\":1,\"name\":\"Portada\",\"item\":\"https:\\\/\\\/revitalita.es\\\/\"},{\"@type\":\"ListItem\",\"position\":2,\"name\":\"Bio-Est\u00e9tica Corporal\"}]},{\"@type\":\"WebSite\",\"@id\":\"https:\\\/\\\/revitalita.es\\\/#website\",\"url\":\"https:\\\/\\\/revitalita.es\\\/\",\"name\":\"\",\"description\":\"\",\"potentialAction\":[{\"@type\":\"SearchAction\",\"target\":{\"@type\":\"EntryPoint\",\"urlTemplate\":\"https:\\\/\\\/revitalita.es\\\/?s={search_term_string}\"},\"query-input\":{\"@type\":\"PropertyValueSpecification\",\"valueRequired\":true,\"valueName\":\"search_term_string\"}}],\"inLanguage\":\"es\"}]}<\/script>\n<!-- \/ Yoast SEO plugin. -->","yoast_head_json":{"title":"Bio-Est\u00e9tica Corporal -","robots":{"index":"index","follow":"follow","max-snippet":"max-snippet:-1","max-image-preview":"max-image-preview:large","max-video-preview":"max-video-preview:-1"},"canonical":"https:\/\/revitalita.es\/?page_id=388","og_locale":"es_ES","og_type":"article","og_title":"Bio-Est\u00e9tica Corporal -","og_description":"Arquitectura de la silueta Remodelaci\u00f3n manual y fitocosm\u00e9tica de alta gama para una figura definida La eficiencia real no necesita m\u00e1quinas, sino precisi\u00f3n. Fusionamos t\u00e9cnicas de remodelaci\u00f3n manual con la avanzada biotecnolog\u00eda vegetal italiana de VAGHEGGI. Una combinaci\u00f3n potente que despierta el metabolismo de tu piel, drena toxinas y esculpe formas, respetando siempre el equilibrio de tu cuerpo. Adem\u00e1s, sabemos que remodelar la silueta requiere constancia, no milagros y entendemos que el \u00e9xito de tu tratamiento es una sinergia del &hellip;","og_url":"https:\/\/revitalita.es\/?page_id=388","article_modified_time":"2026-04-15T14:56:23+00:00","og_image":[{"width":973,"height":580,"url":"https:\/\/revitalita.es\/wp-content\/uploads\/2025\/12\/Screenshot_20251231_012623_Canva.jpg","type":"image\/jpeg"}],"twitter_card":"summary_large_image","twitter_misc":{"Tiempo de lectura":"4 minutos"},"schema":{"@context":"https:\/\/schema.org","@graph":[{"@type":"WebPage","@id":"https:\/\/revitalita.es\/?page_id=388","url":"https:\/\/revitalita.es\/?page_id=388","name":"Bio-Est\u00e9tica Corporal -","isPartOf":{"@id":"https:\/\/revitalita.es\/#website"},"primaryImageOfPage":{"@id":"https:\/\/revitalita.es\/?page_id=388#primaryimage"},"image":{"@id":"https:\/\/revitalita.es\/?page_id=388#primaryimage"},"thumbnailUrl":"https:\/\/revitalita.es\/wp-content\/uploads\/2025\/12\/Screenshot_20251231_012623_Canva.jpg","datePublished":"2025-12-25T13:38:18+00:00","dateModified":"2026-04-15T14:56:23+00:00","breadcrumb":{"@id":"https:\/\/revitalita.es\/?page_id=388#breadcrumb"},"inLanguage":"es","potentialAction":[{"@type":"ReadAction","target":["https:\/\/revitalita.es\/?page_id=388"]}]},{"@type":"ImageObject","inLanguage":"es","@id":"https:\/\/revitalita.es\/?page_id=388#primaryimage","url":"https:\/\/revitalita.es\/wp-content\/uploads\/2025\/12\/Screenshot_20251231_012623_Canva.jpg","contentUrl":"https:\/\/revitalita.es\/wp-content\/uploads\/2025\/12\/Screenshot_20251231_012623_Canva.jpg","width":973,"height":580},{"@type":"BreadcrumbList","@id":"https:\/\/revitalita.es\/?page_id=388#breadcrumb","itemListElement":[{"@type":"ListItem","position":1,"name":"Portada","item":"https:\/\/revitalita.es\/"},{"@type":"ListItem","position":2,"name":"Bio-Est\u00e9tica Corporal"}]},{"@type":"WebSite","@id":"https:\/\/revitalita.es\/#website","url":"https:\/\/revitalita.es\/","name":"","description":"","potentialAction":[{"@type":"SearchAction","target":{"@type":"EntryPoint","urlTemplate":"https:\/\/revitalita.es\/?s={search_term_string}"},"query-input":{"@type":"PropertyValueSpecification","valueRequired":true,"valueName":"search_term_string"}}],"inLanguage":"es"}]}},"_links":{"self":[{"href":"https:\/\/revitalita.es\/index.php?rest_route=\/wp\/v2\/pages\/388","targetHints":{"allow":["GET"]}}],"collection":[{"href":"https:\/\/revitalita.es\/index.php?rest_route=\/wp\/v2\/pages"}],"about":[{"href":"https:\/\/revitalita.es\/index.php?rest_route=\/wp\/v2\/types\/page"}],"author":[{"embeddable":true,"href":"https:\/\/revitalita.es\/index.php?rest_route=\/wp\/v2\/users\/1"}],"replies":[{"embeddable":true,"href":"https:\/\/revitalita.es\/index.php?rest_route=%2Fwp%2Fv2%2Fcomments&post=388"}],"version-history":[{"count":116,"href":"https:\/\/revitalita.es\/index.php?rest_route=\/wp\/v2\/pages\/388\/revisions"}],"predecessor-version":[{"id":1472,"href":"https:\/\/revitalita.es\/index.php?rest_route=\/wp\/v2\/pages\/388\/revisions\/1472"}],"wp:featuredmedia":[{"embeddable":true,"href":"https:\/\/revitalita.es\/index.php?rest_route=\/wp\/v2\/media\/768"}],"wp:attachment":[{"href":"https:\/\/revitalita.es\/index.php?rest_route=%2Fwp%2Fv2%2Fmedia&parent=388"}],"curies":[{"name":"wp","href":"https:\/\/api.w.org\/{rel}","templated":true}]}}