{"id":201,"date":"2025-12-17T19:03:23","date_gmt":"2025-12-17T19:03:23","guid":{"rendered":"https:\/\/www.revitalita.es\/?page_id=201"},"modified":"2026-02-21T17:39:15","modified_gmt":"2026-02-21T17:39:15","slug":"contacto","status":"publish","type":"page","link":"https:\/\/revitalita.es\/?page_id=201","title":{"rendered":"Contacto"},"content":{"rendered":"\n<h2 class=\"wp-block-heading\"><strong>Reserva tu Experiencia<\/strong><\/h2>\n\n\n\n<p><strong>Tu transformaci\u00f3n empieza con un mensaje<\/strong><\/p>\n\n\n\n<div class=\"wp-block-group\"><div class=\"wp-block-group__inner-container is-layout-constrained wp-block-group-is-layout-constrained\">\n<p>Para garantizar la calma durante los tratamientos, <strong>gestionamos todas las citas y consultas exclusivamente v\u00eda WhatsApp<\/strong>.<\/p>\n<\/div><\/div>\n\n\n\n<p><\/p>\n\n\n\n<p>Si tienes dudas sobre qu\u00e9 tratamiento es ideal para ti, escr\u00edbenos y Renata te asesorar\u00e1 personalmente en cuanto est\u00e9 con las manos libres.<\/p>\n\n\n\n<div class=\"wp-block-columns is-layout-flex wp-container-core-columns-is-layout-9d6595d7 wp-block-columns-is-layout-flex\">\n<div class=\"wp-block-column is-layout-flow wp-block-column-is-layout-flow\"><\/div>\n\n\n\n<div class=\"wp-block-column is-layout-flow wp-block-column-is-layout-flow\"><\/div>\n<\/div>\n\n\n\n<p>\ud83d\udcf2 <strong><a href=\"https:\/\/wa.me\/34655081131?text=Hola,%20he%20visto%20la%20web%20y%20me%20gustar\u00eda%20reservar%20una%20cita\">WhatsApp: 655 081 131<\/a><\/strong><\/p>\n\n\n\n<div class=\"wp-block-columns is-layout-flex wp-container-core-columns-is-layout-9d6595d7 wp-block-columns-is-layout-flex\">\n<div class=\"wp-block-column is-layout-flow wp-block-column-is-layout-flow\"><\/div>\n\n\n\n<div class=\"wp-block-column is-layout-flow wp-block-column-is-layout-flow\"><\/div>\n<\/div>\n\n\n\n<p><strong>\ud83d\udccdDONDE ESTAMOS:<\/strong><\/p>\n\n\n\n<div class=\"wp-block-group\"><div class=\"wp-block-group__inner-container is-layout-constrained wp-block-group-is-layout-constrained\">\n<p>Edificio <strong>BASIC-FIT<\/strong> (1\u00aa planta).<\/p>\n<\/div><\/div>\n\n\n\n<p>Avenida d\u2019Ada Lovelace, 46185, La Pobla de Vallbona, Valencia.<\/p>\n\n\n\n<p><a href=\"https:\/\/maps.app.goo.gl\/YkNzVynkUzn4Nfiy5?g_st=awb\">https:\/\/maps.app.goo.gl\/YkNzVynkUzn4Nfiy5?g_st=awb<\/a><\/p>\n\n\n\n<p><em>* Acceso libre para clientes de ReVitalit\u00e0, no necesitas ser socio del gimnasio<\/em>.<\/p>\n\n\n\n<div class=\"wp-block-columns is-layout-flex wp-container-core-columns-is-layout-9d6595d7 wp-block-columns-is-layout-flex\">\n<div class=\"wp-block-column is-layout-flow wp-block-column-is-layout-flow\"><\/div>\n\n\n\n<div class=\"wp-block-column is-layout-flow wp-block-column-is-layout-flow\"><\/div>\n<\/div>\n\n\n\n<p>\u27a1\ufe0f <strong>C\u00d3MO LLEGAR:<\/strong><\/p>\n\n\n\n<p>Nuestro espacio est\u00e1 oculto a plena vista.<\/p>\n\n\n\n<p>Accede por la entrada principal del gimnasio <strong>BASIC-FIT<\/strong>. Sube a la <strong>1\u00aa planta<\/strong> y, justo a la izquierda, ver\u00e1s nuestra puerta: <strong>ReVitalit\u00e0<\/strong>.<\/p>\n\n\n\n<p>Te estaremos esperando en un ambiente de calma total.<\/p>\n\n\n\n<div class=\"wp-block-columns is-layout-flex wp-container-core-columns-is-layout-9d6595d7 wp-block-columns-is-layout-flex\">\n<div class=\"wp-block-column is-layout-flow wp-block-column-is-layout-flow\"><\/div>\n\n\n\n<div class=\"wp-block-column is-layout-flow wp-block-column-is-layout-flow\"><\/div>\n<\/div>\n\n\n\n<p>\u231a\ufe0f <strong>HORARIO:<\/strong><\/p>\n\n\n\n<p><em>* Solo con cita previa para garantizar tu exclusividad<\/em>.<\/p>\n\n\n\n<div class=\"wp-block-group\"><div class=\"wp-block-group__inner-container is-layout-constrained wp-block-group-is-layout-constrained\">\n<p><strong>Martes a Viernes:<\/strong> <em>11:00 &#8211; 20:00<\/em><\/p>\n<\/div><\/div>\n\n\n\n<p><strong>S\u00e1bados: <\/strong><em>13:00 &#8211; 17:00<\/em><\/p>\n\n\n\n<p><\/p>\n","protected":false},"excerpt":{"rendered":"<p>Reserva tu Experiencia Tu transformaci\u00f3n empieza con un mensaje Para garantizar la calma durante los tratamientos, gestionamos todas las citas y consultas exclusivamente v\u00eda WhatsApp. Si tienes dudas sobre qu\u00e9 tratamiento es ideal para ti, escr\u00edbenos y Renata te asesorar\u00e1 personalmente en cuanto est\u00e9 con las manos libres. \ud83d\udcf2 WhatsApp: 655 081 131 \ud83d\udccdDONDE ESTAMOS: Edificio BASIC-FIT (1\u00aa planta). Avenida d\u2019Ada Lovelace, 46185, La Pobla de Vallbona, Valencia. https:\/\/maps.app.goo.gl\/YkNzVynkUzn4Nfiy5?g_st=awb * Acceso libre para clientes de ReVitalit\u00e0, no necesitas ser socio &hellip; <\/p>\n","protected":false},"author":1,"featured_media":764,"parent":0,"menu_order":0,"comment_status":"closed","ping_status":"closed","template":"","meta":{"footnotes":""},"class_list":["post-201","page","type-page","status-publish","has-post-thumbnail","hentry"],"yoast_head":"<!-- This site is optimized with the Yoast SEO plugin v27.4 - https:\/\/yoast.com\/product\/yoast-seo-wordpress\/ -->\n<title>Contacto -<\/title>\n<meta name=\"robots\" content=\"index, follow, max-snippet:-1, max-image-preview:large, max-video-preview:-1\" \/>\n<link rel=\"canonical\" href=\"https:\/\/revitalita.es\/?page_id=201\" \/>\n<meta property=\"og:locale\" content=\"es_ES\" \/>\n<meta property=\"og:type\" content=\"article\" \/>\n<meta property=\"og:title\" content=\"Contacto -\" \/>\n<meta property=\"og:description\" content=\"Reserva tu Experiencia Tu transformaci\u00f3n empieza con un mensaje Para garantizar la calma durante los tratamientos, gestionamos todas las citas y consultas exclusivamente v\u00eda WhatsApp. Si tienes dudas sobre qu\u00e9 tratamiento es ideal para ti, escr\u00edbenos y Renata te asesorar\u00e1 personalmente en cuanto est\u00e9 con las manos libres. \ud83d\udcf2 WhatsApp: 655 081 131 \ud83d\udccdDONDE ESTAMOS: Edificio BASIC-FIT (1\u00aa planta). Avenida d\u2019Ada Lovelace, 46185, La Pobla de Vallbona, Valencia. https:\/\/maps.app.goo.gl\/YkNzVynkUzn4Nfiy5?g_st=awb * Acceso libre para clientes de ReVitalit\u00e0, no necesitas ser socio &hellip;\" \/>\n<meta property=\"og:url\" content=\"https:\/\/revitalita.es\/?page_id=201\" \/>\n<meta property=\"article:modified_time\" content=\"2026-02-21T17:39:15+00:00\" \/>\n<meta property=\"og:image\" content=\"https:\/\/revitalita.es\/wp-content\/uploads\/2025\/12\/Screenshot_20251231_011635_Canva.jpg\" \/>\n\t<meta property=\"og:image:width\" content=\"976\" \/>\n\t<meta property=\"og:image:height\" content=\"654\" \/>\n\t<meta property=\"og:image:type\" content=\"image\/jpeg\" \/>\n<meta name=\"twitter:card\" content=\"summary_large_image\" \/>\n<meta name=\"twitter:label1\" content=\"Tiempo de lectura\" \/>\n\t<meta name=\"twitter:data1\" content=\"1 minuto\" \/>\n<script type=\"application\/ld+json\" class=\"yoast-schema-graph\">{\"@context\":\"https:\\\/\\\/schema.org\",\"@graph\":[{\"@type\":\"WebPage\",\"@id\":\"https:\\\/\\\/revitalita.es\\\/?page_id=201\",\"url\":\"https:\\\/\\\/revitalita.es\\\/?page_id=201\",\"name\":\"Contacto -\",\"isPartOf\":{\"@id\":\"https:\\\/\\\/revitalita.es\\\/#website\"},\"primaryImageOfPage\":{\"@id\":\"https:\\\/\\\/revitalita.es\\\/?page_id=201#primaryimage\"},\"image\":{\"@id\":\"https:\\\/\\\/revitalita.es\\\/?page_id=201#primaryimage\"},\"thumbnailUrl\":\"https:\\\/\\\/revitalita.es\\\/wp-content\\\/uploads\\\/2025\\\/12\\\/Screenshot_20251231_011635_Canva.jpg\",\"datePublished\":\"2025-12-17T19:03:23+00:00\",\"dateModified\":\"2026-02-21T17:39:15+00:00\",\"breadcrumb\":{\"@id\":\"https:\\\/\\\/revitalita.es\\\/?page_id=201#breadcrumb\"},\"inLanguage\":\"es\",\"potentialAction\":[{\"@type\":\"ReadAction\",\"target\":[\"https:\\\/\\\/revitalita.es\\\/?page_id=201\"]}]},{\"@type\":\"ImageObject\",\"inLanguage\":\"es\",\"@id\":\"https:\\\/\\\/revitalita.es\\\/?page_id=201#primaryimage\",\"url\":\"https:\\\/\\\/revitalita.es\\\/wp-content\\\/uploads\\\/2025\\\/12\\\/Screenshot_20251231_011635_Canva.jpg\",\"contentUrl\":\"https:\\\/\\\/revitalita.es\\\/wp-content\\\/uploads\\\/2025\\\/12\\\/Screenshot_20251231_011635_Canva.jpg\",\"width\":976,\"height\":654},{\"@type\":\"BreadcrumbList\",\"@id\":\"https:\\\/\\\/revitalita.es\\\/?page_id=201#breadcrumb\",\"itemListElement\":[{\"@type\":\"ListItem\",\"position\":1,\"name\":\"Portada\",\"item\":\"https:\\\/\\\/revitalita.es\\\/\"},{\"@type\":\"ListItem\",\"position\":2,\"name\":\"Contacto\"}]},{\"@type\":\"WebSite\",\"@id\":\"https:\\\/\\\/revitalita.es\\\/#website\",\"url\":\"https:\\\/\\\/revitalita.es\\\/\",\"name\":\"\",\"description\":\"\",\"potentialAction\":[{\"@type\":\"SearchAction\",\"target\":{\"@type\":\"EntryPoint\",\"urlTemplate\":\"https:\\\/\\\/revitalita.es\\\/?s={search_term_string}\"},\"query-input\":{\"@type\":\"PropertyValueSpecification\",\"valueRequired\":true,\"valueName\":\"search_term_string\"}}],\"inLanguage\":\"es\"}]}<\/script>\n<!-- \/ Yoast SEO plugin. -->","yoast_head_json":{"title":"Contacto -","robots":{"index":"index","follow":"follow","max-snippet":"max-snippet:-1","max-image-preview":"max-image-preview:large","max-video-preview":"max-video-preview:-1"},"canonical":"https:\/\/revitalita.es\/?page_id=201","og_locale":"es_ES","og_type":"article","og_title":"Contacto -","og_description":"Reserva tu Experiencia Tu transformaci\u00f3n empieza con un mensaje Para garantizar la calma durante los tratamientos, gestionamos todas las citas y consultas exclusivamente v\u00eda WhatsApp. Si tienes dudas sobre qu\u00e9 tratamiento es ideal para ti, escr\u00edbenos y Renata te asesorar\u00e1 personalmente en cuanto est\u00e9 con las manos libres. \ud83d\udcf2 WhatsApp: 655 081 131 \ud83d\udccdDONDE ESTAMOS: Edificio BASIC-FIT (1\u00aa planta). Avenida d\u2019Ada Lovelace, 46185, La Pobla de Vallbona, Valencia. https:\/\/maps.app.goo.gl\/YkNzVynkUzn4Nfiy5?g_st=awb * Acceso libre para clientes de ReVitalit\u00e0, no necesitas ser socio &hellip;","og_url":"https:\/\/revitalita.es\/?page_id=201","article_modified_time":"2026-02-21T17:39:15+00:00","og_image":[{"width":976,"height":654,"url":"https:\/\/revitalita.es\/wp-content\/uploads\/2025\/12\/Screenshot_20251231_011635_Canva.jpg","type":"image\/jpeg"}],"twitter_card":"summary_large_image","twitter_misc":{"Tiempo de lectura":"1 minuto"},"schema":{"@context":"https:\/\/schema.org","@graph":[{"@type":"WebPage","@id":"https:\/\/revitalita.es\/?page_id=201","url":"https:\/\/revitalita.es\/?page_id=201","name":"Contacto -","isPartOf":{"@id":"https:\/\/revitalita.es\/#website"},"primaryImageOfPage":{"@id":"https:\/\/revitalita.es\/?page_id=201#primaryimage"},"image":{"@id":"https:\/\/revitalita.es\/?page_id=201#primaryimage"},"thumbnailUrl":"https:\/\/revitalita.es\/wp-content\/uploads\/2025\/12\/Screenshot_20251231_011635_Canva.jpg","datePublished":"2025-12-17T19:03:23+00:00","dateModified":"2026-02-21T17:39:15+00:00","breadcrumb":{"@id":"https:\/\/revitalita.es\/?page_id=201#breadcrumb"},"inLanguage":"es","potentialAction":[{"@type":"ReadAction","target":["https:\/\/revitalita.es\/?page_id=201"]}]},{"@type":"ImageObject","inLanguage":"es","@id":"https:\/\/revitalita.es\/?page_id=201#primaryimage","url":"https:\/\/revitalita.es\/wp-content\/uploads\/2025\/12\/Screenshot_20251231_011635_Canva.jpg","contentUrl":"https:\/\/revitalita.es\/wp-content\/uploads\/2025\/12\/Screenshot_20251231_011635_Canva.jpg","width":976,"height":654},{"@type":"BreadcrumbList","@id":"https:\/\/revitalita.es\/?page_id=201#breadcrumb","itemListElement":[{"@type":"ListItem","position":1,"name":"Portada","item":"https:\/\/revitalita.es\/"},{"@type":"ListItem","position":2,"name":"Contacto"}]},{"@type":"WebSite","@id":"https:\/\/revitalita.es\/#website","url":"https:\/\/revitalita.es\/","name":"","description":"","potentialAction":[{"@type":"SearchAction","target":{"@type":"EntryPoint","urlTemplate":"https:\/\/revitalita.es\/?s={search_term_string}"},"query-input":{"@type":"PropertyValueSpecification","valueRequired":true,"valueName":"search_term_string"}}],"inLanguage":"es"}]}},"_links":{"self":[{"href":"https:\/\/revitalita.es\/index.php?rest_route=\/wp\/v2\/pages\/201","targetHints":{"allow":["GET"]}}],"collection":[{"href":"https:\/\/revitalita.es\/index.php?rest_route=\/wp\/v2\/pages"}],"about":[{"href":"https:\/\/revitalita.es\/index.php?rest_route=\/wp\/v2\/types\/page"}],"author":[{"embeddable":true,"href":"https:\/\/revitalita.es\/index.php?rest_route=\/wp\/v2\/users\/1"}],"replies":[{"embeddable":true,"href":"https:\/\/revitalita.es\/index.php?rest_route=%2Fwp%2Fv2%2Fcomments&post=201"}],"version-history":[{"count":48,"href":"https:\/\/revitalita.es\/index.php?rest_route=\/wp\/v2\/pages\/201\/revisions"}],"predecessor-version":[{"id":1347,"href":"https:\/\/revitalita.es\/index.php?rest_route=\/wp\/v2\/pages\/201\/revisions\/1347"}],"wp:featuredmedia":[{"embeddable":true,"href":"https:\/\/revitalita.es\/index.php?rest_route=\/wp\/v2\/media\/764"}],"wp:attachment":[{"href":"https:\/\/revitalita.es\/index.php?rest_route=%2Fwp%2Fv2%2Fmedia&parent=201"}],"curies":[{"name":"wp","href":"https:\/\/api.w.org\/{rel}","templated":true}]}}