{"id":196,"date":"2025-12-17T18:57:42","date_gmt":"2025-12-17T18:57:42","guid":{"rendered":"https:\/\/www.revitalita.es\/?page_id=196"},"modified":"2026-04-12T19:39:24","modified_gmt":"2026-04-12T17:39:24","slug":"tratamientos","status":"publish","type":"page","link":"https:\/\/revitalita.es\/?page_id=196","title":{"rendered":"Masaje y Bienestar"},"content":{"rendered":"\n<h3 class=\"wp-block-heading\"><strong>Relajaci\u00f3n basada en evidencia <\/strong><\/h3>\n\n\n\n<div class=\"wp-block-group\"><div class=\"wp-block-group__inner-container is-layout-constrained wp-block-group-is-layout-constrained\">\n<p><\/p>\n<\/div><\/div>\n\n\n\n<div class=\"wp-block-group\"><div class=\"wp-block-group__inner-container is-layout-constrained wp-block-group-is-layout-constrained\">\n<p>En ReVitalit\u00e0, el masaje es la uni\u00f3n de&nbsp;<strong>ciencia, tacto y aroma<\/strong>&nbsp;al servicio de tu bienestar integral.<\/p>\n\n\n\n<div class=\"wp-block-group\"><div class=\"wp-block-group__inner-container is-layout-constrained wp-block-group-is-layout-constrained\">\n<p><strong>El arte de las manos maestras<\/strong><\/p>\n\n\n\n<p><\/p>\n<\/div><\/div>\n\n\n\n<div class=\"wp-block-group\"><div class=\"wp-block-group__inner-container is-layout-constrained wp-block-group-is-layout-constrained\">\n<p>Integramos t\u00e9cnicas precisas con\u00a0<strong>enfoque osteop\u00e1tico y neurociencia<\/strong>\u00a0para ofrecerte tratamientos seguros y efectivos. Nos centramos en lo que realmente funciona para tu recuperaci\u00f3n, regulando tu sistema nervioso desde la primera sesi\u00f3n.<\/p>\n\n\n\n<p><\/p>\n<\/div><\/div>\n\n\n\n<p><strong>Experiencia sensorial con el sello VAGHEGGI<\/strong><\/p>\n\n\n\n<p><\/p>\n<\/div><\/div>\n\n\n\n<p>Cada sesi\u00f3n es una experiencia de aromaterapia activa. Nuestras manos \u00ableen\u00bb tu tejido para liberar la rigidez y devolver la armon\u00eda, mientras los fitocosm\u00e9ticos act\u00faan a nivel olfativo para silenciar el ruido mental. Utilizamos aceites naturales y esenciales quimiotipados que no solo nutren tu piel, sino que convierten el masaje en un ritual sensorial completo.<\/p>\n\n\n\n<div class=\"wp-block-columns is-layout-flex wp-container-core-columns-is-layout-9d6595d7 wp-block-columns-is-layout-flex\">\n<div class=\"wp-block-column is-layout-flow wp-block-column-is-layout-flow\"><\/div>\n<\/div>\n\n\n\n<div class=\"wp-block-group\"><div class=\"wp-block-group__inner-container is-layout-constrained wp-block-group-is-layout-constrained\">\n<p class=\"has-medium-font-size\">ALIVIO Y RENDIMIENTO<\/p>\n<\/div><\/div>\n\n\n\n<p class=\"has-medium-font-size\">T\u00e9cnica Estructural<\/p>\n\n\n\n<div class=\"wp-block-group\"><div class=\"wp-block-group__inner-container is-layout-constrained wp-block-group-is-layout-constrained\">\n<div class=\"wp-block-group\"><div class=\"wp-block-group__inner-container is-layout-constrained wp-block-group-is-layout-constrained\">\n<div class=\"wp-block-group\"><div class=\"wp-block-group__inner-container is-layout-constrained wp-block-group-is-layout-constrained\">\n<p style=\"font-size:16px\"><strong>\u2022 Masaje Deep Tissue y Descontracturante<\/strong><\/p>\n<\/div><\/div>\n\n\n\n<p style=\"font-size:13px\"><em>(Libertad de Movimiento)<\/em><\/p>\n<\/div><\/div>\n\n\n\n<div class=\"wp-block-group\"><div class=\"wp-block-group__inner-container is-layout-constrained wp-block-group-is-layout-constrained\">\n<div class=\"wp-block-group\"><div class=\"wp-block-group__inner-container is-layout-constrained wp-block-group-is-layout-constrained\">\n<p class=\"has-small-font-size\">No nos limitamos a la superficie. Trabajamos sobre la fascia y la musculatura profunda para disolver la tensi\u00f3n acumulada por el estr\u00e9s o las malas posturas. Alivia la rigidez y recupera la flexibilidad natural. Utilizamos b\u00e1lsamos t\u00e9rmicos para potenciar la sensaci\u00f3n de ligereza.<\/p>\n<\/div><\/div>\n\n\n\n<p><\/p>\n<\/div><\/div>\n\n\n\n<div class=\"wp-block-group\"><div class=\"wp-block-group__inner-container is-layout-constrained wp-block-group-is-layout-constrained\">\n<div class=\"wp-block-group\"><div class=\"wp-block-group__inner-container is-layout-constrained wp-block-group-is-layout-constrained\">\n<p class=\"has-text-color has-link-color wp-elements-3b472576c1eeb071ea48338408037adc\" style=\"color:#00000080;font-size:11px\">30 min.: <strong>43 \u20ac<\/strong> | Pack 4 sesiones: 156 \u20ac (<strong>39 \u20ac<\/strong> \/ sesi\u00f3n)<\/p>\n<\/div><\/div>\n<\/div><\/div>\n\n\n\n<div class=\"wp-block-group\"><div class=\"wp-block-group__inner-container is-layout-constrained wp-block-group-is-layout-constrained\">\n<p class=\"has-text-color has-link-color wp-elements-42c701fce90ec45b7cdead8f78b3e175\" style=\"color:#00000080;font-size:11px\">50 min.: <strong>54 \u20ac<\/strong> | Pack 4 sesiones: 192 \u20ac (<strong>48 \u20ac<\/strong> \/ sesi\u00f3n)<\/p>\n\n\n\n<p><\/p>\n<\/div><\/div>\n\n\n\n<div class=\"wp-block-group\"><div class=\"wp-block-group__inner-container is-layout-constrained wp-block-group-is-layout-constrained\">\n<p style=\"font-size:16px\"><strong>\u2022 Recuperaci\u00f3n Deportiva y Descarga<\/strong><\/p>\n<\/div><\/div>\n\n\n\n<div class=\"wp-block-group\"><div class=\"wp-block-group__inner-container is-layout-constrained wp-block-group-is-layout-constrained\">\n<p><em>(Optimizaci\u00f3n Muscular)<\/em><\/p>\n<\/div><\/div>\n\n\n\n<div class=\"wp-block-group\"><div class=\"wp-block-group__inner-container is-layout-constrained wp-block-group-is-layout-constrained\">\n<p>Dise\u00f1ado para cuerpos activos. Combinamos t\u00e9cnicas de descarga muscular y estiramientos pasivos para \u00abresetear\u00bb la musculatura tras el esfuerzo y evitar sobrecargas. Ideal para: Mantenimiento del deportista y recuperaci\u00f3n tras el entrenamiento.<\/p>\n<\/div><\/div>\n\n\n\n<p class=\"has-text-color has-link-color wp-elements-3b472576c1eeb071ea48338408037adc\" style=\"color:#00000080;font-size:11px\">30 min.: <strong>43 \u20ac<\/strong> | Pack 4 sesiones: 156 \u20ac (<strong>39 \u20ac<\/strong> \/ sesi\u00f3n)<\/p>\n<\/div><\/div>\n\n\n\n<p class=\"has-text-color has-link-color wp-elements-42c701fce90ec45b7cdead8f78b3e175\" style=\"color:#00000080;font-size:11px\">50 min.: <strong>54 \u20ac<\/strong> | Pack 4 sesiones: 192 \u20ac (<strong>48 \u20ac<\/strong> \/ sesi\u00f3n)<\/p>\n\n\n\n<div class=\"wp-block-columns is-layout-flex wp-container-core-columns-is-layout-9d6595d7 wp-block-columns-is-layout-flex\">\n<div class=\"wp-block-column is-layout-flow wp-block-column-is-layout-flow\"><\/div>\n<\/div>\n\n\n\n<div class=\"wp-block-group\"><div class=\"wp-block-group__inner-container is-layout-constrained wp-block-group-is-layout-constrained\">\n<p class=\"has-medium-font-size\">BIO-INTEGRACI\u00d3N SENSORIAL<\/p>\n<\/div><\/div>\n\n\n\n<p class=\"has-medium-font-size\">La Nueva Era<\/p>\n\n\n\n<div class=\"wp-block-group\"><div class=\"wp-block-group__inner-container is-layout-constrained wp-block-group-is-layout-constrained\">\n<p style=\"font-size:16px\"><strong>\u2022 Protocolo Neuro-Reset<\/strong><\/p>\n<\/div><\/div>\n\n\n\n<div class=\"wp-block-group\"><div class=\"wp-block-group__inner-container is-layout-constrained wp-block-group-is-layout-constrained\">\n<p><em>(Reequilibrio Bio-Mental)<\/em><\/p>\n<\/div><\/div>\n\n\n\n<div class=\"wp-block-group\"><div class=\"wp-block-group__inner-container is-layout-constrained wp-block-group-is-layout-constrained\">\n<div class=\"wp-block-group\"><div class=\"wp-block-group__inner-container is-layout-constrained wp-block-group-is-layout-constrained\">\n<p>Una experiencia sist\u00e9mica dise\u00f1ada para pausar el ritmo fren\u00e9tico actual. Mediante maniobras lentas, envolventes y r\u00edtmicas, sincronizamos tu respiraci\u00f3n con el tacto para reducir la percepci\u00f3n de estr\u00e9s y facilitar un descanso profundo. \u00abLa vanguardia del bienestar: Donde la biolog\u00eda se encuentra con la calma\u00bb. Utilizamos aceites esenciales VAGHEGGI, a tu gusto, para lograr una desconexi\u00f3n total del \u00abruido\u00bb externo. El Resultado: Mente despejada y calma absoluta.<\/p>\n<\/div><\/div>\n\n\n\n<p><\/p>\n<\/div><\/div>\n\n\n\n<div class=\"wp-block-group\"><div class=\"wp-block-group__inner-container is-layout-constrained wp-block-group-is-layout-constrained\">\n<p class=\"has-text-color has-link-color wp-elements-42c701fce90ec45b7cdead8f78b3e175\" style=\"color:#00000080;font-size:11px\">50 min.: <strong>54 \u20ac<\/strong> | Pack 4 sesiones: 192 \u20ac (<strong>48 \u20ac<\/strong> \/ sesi\u00f3n)<\/p>\n<\/div><\/div>\n\n\n\n<p class=\"has-text-color has-link-color wp-elements-9b5e3bb35f71a2b7dce8a8c0e1290892\" style=\"color:#00000080;font-size:11px\">80 min.: <strong>76 \u20ac<\/strong> | Pack 4 sesiones: 272 \u20ac (<strong>68 \u20ac<\/strong> \/ sesi\u00f3n)<\/p>\n\n\n\n<div class=\"wp-block-columns is-layout-flex wp-container-core-columns-is-layout-9d6595d7 wp-block-columns-is-layout-flex\">\n<div class=\"wp-block-column is-layout-flow wp-block-column-is-layout-flow\"><\/div>\n<\/div>\n\n\n\n<div class=\"wp-block-group\"><div class=\"wp-block-group__inner-container is-layout-constrained wp-block-group-is-layout-constrained\">\n<p class=\"has-medium-font-size\">LIGEREZA Y RELAX<\/p>\n<\/div><\/div>\n\n\n\n<p class=\"has-medium-font-size\">Rituales Espec\u00edficos<\/p>\n\n\n\n<div class=\"wp-block-group\"><div class=\"wp-block-group__inner-container is-layout-constrained wp-block-group-is-layout-constrained\">\n<p style=\"font-size:16px\"><strong>\u2022 Drenaje y Circulaci\u00f3n<\/strong><\/p>\n<\/div><\/div>\n\n\n\n<div class=\"wp-block-group\"><div class=\"wp-block-group__inner-container is-layout-constrained wp-block-group-is-layout-constrained\">\n<p><em>(Detox Localizado)<\/em><\/p>\n<\/div><\/div>\n\n\n\n<div class=\"wp-block-group\"><div class=\"wp-block-group__inner-container is-layout-constrained wp-block-group-is-layout-constrained\">\n<div class=\"wp-block-group\"><div class=\"wp-block-group__inner-container is-layout-constrained wp-block-group-is-layout-constrained\">\n<p>T\u00e9cnica manual suave y r\u00edtmica destinada a estimular la eliminaci\u00f3n de l\u00edquidos retenidos y toxinas. Perfecto para combatir la sensaci\u00f3n de pesadez e hinchaz\u00f3n. Silueta menos voluminosa y sensaci\u00f3n de ligereza inmediata.<\/p>\n<\/div><\/div>\n<\/div><\/div>\n\n\n\n<div class=\"wp-block-group\"><div class=\"wp-block-group__inner-container is-layout-constrained wp-block-group-is-layout-constrained\">\n<div class=\"wp-block-group\"><div class=\"wp-block-group__inner-container is-layout-constrained wp-block-group-is-layout-constrained\">\n<p class=\"has-text-color has-link-color wp-elements-3b472576c1eeb071ea48338408037adc\" style=\"color:#00000080;font-size:11px\">30 min.: <strong>43 \u20ac<\/strong> | Pack 4 sesiones: 156 \u20ac (<strong>39 \u20ac<\/strong> \/ sesi\u00f3n)<\/p>\n<\/div><\/div>\n\n\n\n<div class=\"wp-block-group\"><div class=\"wp-block-group__inner-container is-layout-constrained wp-block-group-is-layout-constrained\">\n<p class=\"has-text-color has-link-color wp-elements-42c701fce90ec45b7cdead8f78b3e175\" style=\"color:#00000080;font-size:11px\">50 min.: <strong>54 \u20ac<\/strong> | Pack 4 sesiones: 192 \u20ac (<strong>48 \u20ac<\/strong> \/ sesi\u00f3n)<\/p>\n<\/div><\/div>\n\n\n\n<p class=\"has-text-color has-link-color wp-elements-9b5e3bb35f71a2b7dce8a8c0e1290892\" style=\"color:#00000080;font-size:11px\">80 min.: <strong>76 \u20ac<\/strong> | Pack 4 sesiones: 272 \u20ac (<strong>68 \u20ac<\/strong> \/ sesi\u00f3n)<\/p>\n<\/div><\/div>\n\n\n\n<div class=\"wp-block-group\"><div class=\"wp-block-group__inner-container is-layout-constrained wp-block-group-is-layout-constrained\">\n<p><\/p>\n\n\n\n<p><\/p>\n\n\n\n<p><\/p>\n\n\n\n<div class=\"wp-block-group\"><div class=\"wp-block-group__inner-container is-layout-constrained wp-block-group-is-layout-constrained\">\n<p style=\"font-size:16px\">\u2022 <strong>Al\u00edvio Craneofacial y Cervical<\/strong><\/p>\n<\/div><\/div>\n\n\n\n<div class=\"wp-block-group\"><div class=\"wp-block-group__inner-container is-layout-constrained wp-block-group-is-layout-constrained\">\n<p><em>(Micro-Dosis de Bienestar)<\/em><\/p>\n<\/div><\/div>\n<\/div><\/div>\n\n\n\n<div class=\"wp-block-group\"><div class=\"wp-block-group__inner-container is-layout-constrained wp-block-group-is-layout-constrained\">\n<p>Trabajamos cr\u00e1neo, cuello y face para liberar la tensi\u00f3n acumulada en la mand\u00edbula y base de la cabeza.<\/p>\n<\/div><\/div>\n\n\n\n<p class=\"has-text-color has-link-color wp-elements-3b472576c1eeb071ea48338408037adc\" style=\"color:#00000080;font-size:11px\">30 min.: <strong>43 \u20ac<\/strong> | Pack 4 sesiones: 156 \u20ac (<strong>39 \u20ac<\/strong> \/ sesi\u00f3n)<\/p>\n\n\n\n<div class=\"wp-block-group\"><div class=\"wp-block-group__inner-container is-layout-constrained wp-block-group-is-layout-constrained\">\n<p style=\"font-size:16px\"><strong>\u2022 Pies y Reflexolog\u00eda<\/strong><\/p>\n<\/div><\/div>\n\n\n\n<div class=\"wp-block-group\"><div class=\"wp-block-group__inner-container is-layout-constrained wp-block-group-is-layout-constrained\">\n<p><em>(Zonas Maestras)<\/em><\/p>\n<\/div><\/div>\n\n\n\n<div class=\"wp-block-group\"><div class=\"wp-block-group__inner-container is-layout-constrained wp-block-group-is-layout-constrained\">\n<p>Estimulamos puntos reflejos de bienestar mientras aliviamos la fatiga de las piernas con geles efecto fr\u00edo.<\/p>\n<\/div><\/div>\n\n\n\n<p class=\"has-text-color has-link-color wp-elements-3b472576c1eeb071ea48338408037adc\" style=\"color:#00000080;font-size:11px\">30 min.: <strong>43 \u20ac<\/strong> | Pack 4 sesiones: 156 \u20ac (<strong>39 \u20ac<\/strong> \/ sesi\u00f3n)<\/p>\n\n\n\n<div class=\"wp-block-columns is-layout-flex wp-container-core-columns-is-layout-9d6595d7 wp-block-columns-is-layout-flex\">\n<div class=\"wp-block-column is-layout-flow wp-block-column-is-layout-flow\"><\/div>\n<\/div>\n\n\n\n<div class=\"wp-block-group\"><div class=\"wp-block-group__inner-container is-layout-constrained wp-block-group-is-layout-constrained\">\n<p class=\"has-medium-font-size\">\u00bfBUSCAS UN CAMBIO REAL?<\/p>\n\n\n\n<p><\/p>\n<\/div><\/div>\n\n\n\n<div class=\"wp-block-group\"><div class=\"wp-block-group__inner-container is-layout-constrained wp-block-group-is-layout-constrained\">\n<div class=\"wp-block-group\"><div class=\"wp-block-group__inner-container is-layout-constrained wp-block-group-is-layout-constrained\">\n<p style=\"font-size:16px\"><strong>Comprom\u00e9tete con tu Recuperaci\u00f3n<\/strong><\/p>\n\n\n\n<p><\/p>\n<\/div><\/div>\n<\/div><\/div>\n\n\n\n<div class=\"wp-block-group\"><div class=\"wp-block-group__inner-container is-layout-constrained wp-block-group-is-layout-constrained\">\n<div class=\"wp-block-group\"><div class=\"wp-block-group__inner-container is-layout-constrained wp-block-group-is-layout-constrained\">\n<p>Pregunta por nuestros <strong><a href=\"https:\/\/wa.me\/34655081131?text=Hola,%20me%20gustar\u00eda%20recibir%20m\u00e1s%20informaci\u00f3n%20sobre%20los%20planes%20mensuales\">PLANES MENSUALES<\/a><\/strong><\/p>\n<\/div><\/div>\n\n\n\n<p>y consigue tu sesi\u00f3n <strong>desde solo 31 \u20ac<\/strong>.<\/p>\n\n\n\n<p class=\"has-text-color has-link-color wp-elements-08f1e0e7bcafa5d533666ce7c03f11dc\" style=\"color:#00000080\"><em>* Consultar condiciones de frecuencia en el centro.<\/em><\/p>\n<\/div><\/div>\n\n\n\n<div class=\"wp-block-columns is-layout-flex wp-container-core-columns-is-layout-9d6595d7 wp-block-columns-is-layout-flex\">\n<div class=\"wp-block-column is-layout-flow wp-block-column-is-layout-flow\"><\/div>\n\n\n\n<div class=\"wp-block-column is-layout-flow wp-block-column-is-layout-flow\"><\/div>\n<\/div>\n\n\n\n<p>\ud83d\udcf2 <strong><a href=\"https:\/\/wa.me\/34655081131?text=Hola,%20me%20gustar\u00eda%20reservar%20una%20sesi\u00f3n%20de%20terapia%20manual%20\/%20masaje\">Reserva tu cita<\/a><\/strong><\/p>\n\n\n\n<div class=\"wp-block-columns is-layout-flex wp-container-core-columns-is-layout-9d6595d7 wp-block-columns-is-layout-flex\">\n<div class=\"wp-block-column is-layout-flow wp-block-column-is-layout-flow\"><\/div>\n<\/div>\n\n\n\n<div class=\"wp-block-columns is-layout-flex wp-container-core-columns-is-layout-9d6595d7 wp-block-columns-is-layout-flex\">\n<div class=\"wp-block-column is-layout-flow wp-block-column-is-layout-flow\"><\/div>\n<\/div>\n\n\n\n<p><a href=\"https:\/\/revitalita.es\/?page_id=388\"><strong>BIO-EST\u00c9TICA CORPORAL<\/strong><\/a><\/p>\n\n\n\n<p><strong><a href=\"https:\/\/revitalita.es\/?page_id=383\">BIO-EST\u00c9TICA FACIAL<\/a><\/strong><\/p>\n\n\n\n<p><\/p>\n","protected":false},"excerpt":{"rendered":"<p>Relajaci\u00f3n basada en evidencia En ReVitalit\u00e0, el masaje es la uni\u00f3n de&nbsp;ciencia, tacto y aroma&nbsp;al servicio de tu bienestar integral. El arte de las manos maestras Integramos t\u00e9cnicas precisas con\u00a0enfoque osteop\u00e1tico y neurociencia\u00a0para ofrecerte tratamientos seguros y efectivos. Nos centramos en lo que realmente funciona para tu recuperaci\u00f3n, regulando tu sistema nervioso desde la primera sesi\u00f3n. Experiencia sensorial con el sello VAGHEGGI Cada sesi\u00f3n es una experiencia de aromaterapia activa. Nuestras manos \u00ableen\u00bb tu tejido para liberar la rigidez y &hellip; <\/p>\n","protected":false},"author":1,"featured_media":766,"parent":0,"menu_order":0,"comment_status":"closed","ping_status":"closed","template":"","meta":{"footnotes":""},"class_list":["post-196","page","type-page","status-publish","has-post-thumbnail","hentry"],"yoast_head":"<!-- This site is optimized with the Yoast SEO plugin v27.4 - https:\/\/yoast.com\/product\/yoast-seo-wordpress\/ -->\n<title>Masaje y Bienestar -<\/title>\n<meta name=\"robots\" content=\"index, follow, max-snippet:-1, max-image-preview:large, max-video-preview:-1\" \/>\n<link rel=\"canonical\" href=\"https:\/\/revitalita.es\/?page_id=196\" \/>\n<meta property=\"og:locale\" content=\"es_ES\" \/>\n<meta property=\"og:type\" content=\"article\" \/>\n<meta property=\"og:title\" content=\"Masaje y Bienestar -\" \/>\n<meta property=\"og:description\" content=\"Relajaci\u00f3n basada en evidencia En ReVitalit\u00e0, el masaje es la uni\u00f3n de&nbsp;ciencia, tacto y aroma&nbsp;al servicio de tu bienestar integral. El arte de las manos maestras Integramos t\u00e9cnicas precisas con\u00a0enfoque osteop\u00e1tico y neurociencia\u00a0para ofrecerte tratamientos seguros y efectivos. Nos centramos en lo que realmente funciona para tu recuperaci\u00f3n, regulando tu sistema nervioso desde la primera sesi\u00f3n. Experiencia sensorial con el sello VAGHEGGI Cada sesi\u00f3n es una experiencia de aromaterapia activa. Nuestras manos \u00ableen\u00bb tu tejido para liberar la rigidez y &hellip;\" \/>\n<meta property=\"og:url\" content=\"https:\/\/revitalita.es\/?page_id=196\" \/>\n<meta property=\"article:modified_time\" content=\"2026-04-12T17:39:24+00:00\" \/>\n<meta property=\"og:image\" content=\"https:\/\/revitalita.es\/wp-content\/uploads\/2025\/12\/Screenshot_20251231_011843_Canva-1.jpg\" \/>\n\t<meta property=\"og:image:width\" content=\"971\" \/>\n\t<meta property=\"og:image:height\" content=\"648\" \/>\n\t<meta property=\"og:image:type\" content=\"image\/jpeg\" \/>\n<meta name=\"twitter:card\" content=\"summary_large_image\" \/>\n<meta name=\"twitter:label1\" content=\"Tiempo de lectura\" \/>\n\t<meta name=\"twitter:data1\" content=\"3 minutos\" \/>\n<script type=\"application\/ld+json\" class=\"yoast-schema-graph\">{\"@context\":\"https:\\\/\\\/schema.org\",\"@graph\":[{\"@type\":\"WebPage\",\"@id\":\"https:\\\/\\\/revitalita.es\\\/?page_id=196\",\"url\":\"https:\\\/\\\/revitalita.es\\\/?page_id=196\",\"name\":\"Masaje y Bienestar -\",\"isPartOf\":{\"@id\":\"https:\\\/\\\/revitalita.es\\\/#website\"},\"primaryImageOfPage\":{\"@id\":\"https:\\\/\\\/revitalita.es\\\/?page_id=196#primaryimage\"},\"image\":{\"@id\":\"https:\\\/\\\/revitalita.es\\\/?page_id=196#primaryimage\"},\"thumbnailUrl\":\"https:\\\/\\\/revitalita.es\\\/wp-content\\\/uploads\\\/2025\\\/12\\\/Screenshot_20251231_011843_Canva-1.jpg\",\"datePublished\":\"2025-12-17T18:57:42+00:00\",\"dateModified\":\"2026-04-12T17:39:24+00:00\",\"breadcrumb\":{\"@id\":\"https:\\\/\\\/revitalita.es\\\/?page_id=196#breadcrumb\"},\"inLanguage\":\"es\",\"potentialAction\":[{\"@type\":\"ReadAction\",\"target\":[\"https:\\\/\\\/revitalita.es\\\/?page_id=196\"]}]},{\"@type\":\"ImageObject\",\"inLanguage\":\"es\",\"@id\":\"https:\\\/\\\/revitalita.es\\\/?page_id=196#primaryimage\",\"url\":\"https:\\\/\\\/revitalita.es\\\/wp-content\\\/uploads\\\/2025\\\/12\\\/Screenshot_20251231_011843_Canva-1.jpg\",\"contentUrl\":\"https:\\\/\\\/revitalita.es\\\/wp-content\\\/uploads\\\/2025\\\/12\\\/Screenshot_20251231_011843_Canva-1.jpg\",\"width\":971,\"height\":648},{\"@type\":\"BreadcrumbList\",\"@id\":\"https:\\\/\\\/revitalita.es\\\/?page_id=196#breadcrumb\",\"itemListElement\":[{\"@type\":\"ListItem\",\"position\":1,\"name\":\"Portada\",\"item\":\"https:\\\/\\\/revitalita.es\\\/\"},{\"@type\":\"ListItem\",\"position\":2,\"name\":\"Masaje y Bienestar\"}]},{\"@type\":\"WebSite\",\"@id\":\"https:\\\/\\\/revitalita.es\\\/#website\",\"url\":\"https:\\\/\\\/revitalita.es\\\/\",\"name\":\"\",\"description\":\"\",\"potentialAction\":[{\"@type\":\"SearchAction\",\"target\":{\"@type\":\"EntryPoint\",\"urlTemplate\":\"https:\\\/\\\/revitalita.es\\\/?s={search_term_string}\"},\"query-input\":{\"@type\":\"PropertyValueSpecification\",\"valueRequired\":true,\"valueName\":\"search_term_string\"}}],\"inLanguage\":\"es\"}]}<\/script>\n<!-- \/ Yoast SEO plugin. -->","yoast_head_json":{"title":"Masaje y Bienestar -","robots":{"index":"index","follow":"follow","max-snippet":"max-snippet:-1","max-image-preview":"max-image-preview:large","max-video-preview":"max-video-preview:-1"},"canonical":"https:\/\/revitalita.es\/?page_id=196","og_locale":"es_ES","og_type":"article","og_title":"Masaje y Bienestar -","og_description":"Relajaci\u00f3n basada en evidencia En ReVitalit\u00e0, el masaje es la uni\u00f3n de&nbsp;ciencia, tacto y aroma&nbsp;al servicio de tu bienestar integral. El arte de las manos maestras Integramos t\u00e9cnicas precisas con\u00a0enfoque osteop\u00e1tico y neurociencia\u00a0para ofrecerte tratamientos seguros y efectivos. Nos centramos en lo que realmente funciona para tu recuperaci\u00f3n, regulando tu sistema nervioso desde la primera sesi\u00f3n. Experiencia sensorial con el sello VAGHEGGI Cada sesi\u00f3n es una experiencia de aromaterapia activa. Nuestras manos \u00ableen\u00bb tu tejido para liberar la rigidez y &hellip;","og_url":"https:\/\/revitalita.es\/?page_id=196","article_modified_time":"2026-04-12T17:39:24+00:00","og_image":[{"width":971,"height":648,"url":"https:\/\/revitalita.es\/wp-content\/uploads\/2025\/12\/Screenshot_20251231_011843_Canva-1.jpg","type":"image\/jpeg"}],"twitter_card":"summary_large_image","twitter_misc":{"Tiempo de lectura":"3 minutos"},"schema":{"@context":"https:\/\/schema.org","@graph":[{"@type":"WebPage","@id":"https:\/\/revitalita.es\/?page_id=196","url":"https:\/\/revitalita.es\/?page_id=196","name":"Masaje y Bienestar -","isPartOf":{"@id":"https:\/\/revitalita.es\/#website"},"primaryImageOfPage":{"@id":"https:\/\/revitalita.es\/?page_id=196#primaryimage"},"image":{"@id":"https:\/\/revitalita.es\/?page_id=196#primaryimage"},"thumbnailUrl":"https:\/\/revitalita.es\/wp-content\/uploads\/2025\/12\/Screenshot_20251231_011843_Canva-1.jpg","datePublished":"2025-12-17T18:57:42+00:00","dateModified":"2026-04-12T17:39:24+00:00","breadcrumb":{"@id":"https:\/\/revitalita.es\/?page_id=196#breadcrumb"},"inLanguage":"es","potentialAction":[{"@type":"ReadAction","target":["https:\/\/revitalita.es\/?page_id=196"]}]},{"@type":"ImageObject","inLanguage":"es","@id":"https:\/\/revitalita.es\/?page_id=196#primaryimage","url":"https:\/\/revitalita.es\/wp-content\/uploads\/2025\/12\/Screenshot_20251231_011843_Canva-1.jpg","contentUrl":"https:\/\/revitalita.es\/wp-content\/uploads\/2025\/12\/Screenshot_20251231_011843_Canva-1.jpg","width":971,"height":648},{"@type":"BreadcrumbList","@id":"https:\/\/revitalita.es\/?page_id=196#breadcrumb","itemListElement":[{"@type":"ListItem","position":1,"name":"Portada","item":"https:\/\/revitalita.es\/"},{"@type":"ListItem","position":2,"name":"Masaje y Bienestar"}]},{"@type":"WebSite","@id":"https:\/\/revitalita.es\/#website","url":"https:\/\/revitalita.es\/","name":"","description":"","potentialAction":[{"@type":"SearchAction","target":{"@type":"EntryPoint","urlTemplate":"https:\/\/revitalita.es\/?s={search_term_string}"},"query-input":{"@type":"PropertyValueSpecification","valueRequired":true,"valueName":"search_term_string"}}],"inLanguage":"es"}]}},"_links":{"self":[{"href":"https:\/\/revitalita.es\/index.php?rest_route=\/wp\/v2\/pages\/196","targetHints":{"allow":["GET"]}}],"collection":[{"href":"https:\/\/revitalita.es\/index.php?rest_route=\/wp\/v2\/pages"}],"about":[{"href":"https:\/\/revitalita.es\/index.php?rest_route=\/wp\/v2\/types\/page"}],"author":[{"embeddable":true,"href":"https:\/\/revitalita.es\/index.php?rest_route=\/wp\/v2\/users\/1"}],"replies":[{"embeddable":true,"href":"https:\/\/revitalita.es\/index.php?rest_route=%2Fwp%2Fv2%2Fcomments&post=196"}],"version-history":[{"count":196,"href":"https:\/\/revitalita.es\/index.php?rest_route=\/wp\/v2\/pages\/196\/revisions"}],"predecessor-version":[{"id":1467,"href":"https:\/\/revitalita.es\/index.php?rest_route=\/wp\/v2\/pages\/196\/revisions\/1467"}],"wp:featuredmedia":[{"embeddable":true,"href":"https:\/\/revitalita.es\/index.php?rest_route=\/wp\/v2\/media\/766"}],"wp:attachment":[{"href":"https:\/\/revitalita.es\/index.php?rest_route=%2Fwp%2Fv2%2Fmedia&parent=196"}],"curies":[{"name":"wp","href":"https:\/\/api.w.org\/{rel}","templated":true}]}}